{"id":2,"date":"2014-02-05T09:04:54","date_gmt":"2014-02-05T09:04:54","guid":{"rendered":"http:\/\/janne-rattya.net\/wordpress\/?page_id=2"},"modified":"2021-04-13T12:05:41","modified_gmt":"2021-04-13T12:05:41","slug":"sample-page","status":"publish","type":"page","link":"http:\/\/janne-rattya.net\/site\/fi\/","title":{"rendered":"biography"},"content":{"rendered":"<p>Janne R\u00e4tty\u00e4 opiskeli harmonikansoittoa Sibelius Akatemian nuorisokoulutuksessa vuodesta 1986 l\u00e4htien ensin Heidi Velamon ja my\u00f6hemmin Matti Rantasen johdolla. H\u00e4n jatkoi vuodesta 1994 alkaen opintojaan solistisella osastolla Matti Rantasen johdolla suorittaen Musiikin Maisterin tutkinnon vuonna 1998. H\u00e4n jatkoi opintojaan Saksassa Essenin Folkwang Korkeakoulussa Mie Mikin johdolla ja suoritti solistisen jatkotutkinnon Konzertexamin vuonna 2000.<\/p>\n<p>Opintojensa aikana Janne R\u00e4tty\u00e4 palkittiin useissa harmonikka- ja solistikilpailuissa, joista merkitt\u00e4vimpi\u00e4 olivat ensimm\u00e4inen palkinto Arrasate Hiria &#8211; kilpailuissa Espanjassa vuonna 1996 ja toinen palkinto Classic FM:n solistikilpailuissa niin ik\u00e4\u00e4n vuonna 1996.<\/p>\n<p>Janne R\u00e4tty\u00e4 toimi opintojensa j\u00e4lkeen tuntiopettajana sek\u00e4 Sibelius Akatemiassa ett\u00e4 Essenin Folkwang Korkekoulussa vuosina 2000-2002. Vuodesta 2003 l\u00e4htien h\u00e4n on toiminut harmonikansoiton professorina Grazin musiikkiyliopistossa It\u00e4vallassa. Taideyliopiston Sibelius Akatemia my\u00f6nsi R\u00e4tty\u00e4lle dosentin arvon vuonna 2019.<\/p>\n<p>R\u00e4tty\u00e4 piti Sibelius Akatemian my\u00f6nt\u00e4m\u00e4n ensikonsertin vuonna 2000 ja debytoi Berliinin Filharmonian Kamarimusiikkisalissa DeutschlandRadio Berliinin debyyttisarjassa vuonna 2002. Sen j\u00e4lkeen h\u00e4n on esiintynyt mm. seuraavissa konserttisaleissa ja festivaaleilla: Amsterdamin Muziekgebouw ja Felix Meritis Konzertzaal, Parco della Musica (Rooma), Tokion Toppan Hall ja Musashino Hall, Kyoto International Music Festival, New York Symphony Space, D\u00fcsseldorfin Oopperatalo, Detmolder Meisterkonzerte (Konzerthaus Detmold), Van Vlaanderen Festival (Belgia), Pacific Rim Festival (UCLA), Ultraschall Festival Berlin (Radio Berlin-Brandenburg), Mouvement Musik Festival des 21. Jahrhundert (SWR Saarbr\u00fccken), Harpa (Reykjavik), Korsholman Musiikkijuhlat, Savonlinnan Oopperajuhlat, Turun Musiikkijuhlat, Styriarte (Graz), Steierische Herbst (Graz), Salzburger Aspekte ja Wien Modern.<\/p>\n<p>R\u00e4tty\u00e4 on esiintynyt useiden orkestereiden kuten esim. Tapiola Sinfoniettan, Keskipohjanmaan Kamariorkesterin, Jyv\u00e4skyl\u00e4n ja Islannin Sinfoniaorkesterien solistina sek\u00e4 ty\u00f6skennellyt kapellimestareiden kuten Sakari Oramo ja Martyn Brabbins kanssa. H\u00e4n on esiintynyt usein sellaisten muusikoiden kuten esim. Pekka Kuusisto, Jorma Hynninen, Christian Altenburger ja Patrick Demenga kanssa sek\u00e4 ty\u00f6skennellyt aktiivisesti useiden merkitt\u00e4vien s\u00e4velt\u00e4jien kuten esim. Dieter Schnebel, Aldo Clementi, Klaus Lang, Iris ter Schiphorst, Kalevi Aho, Uljas Pulkkis ja Terry Rileyn kanssa ja siten kantaesitt\u00e4nyt yli 70 teosta.<\/p>\n<p>R\u00e4tty\u00e4 on levytt\u00e4nyt mm. VMS Musical Treasures (It\u00e4valta), Octavia Records (Japani), \u00c9ditions Milan Music (Ranska\/USA) ja Ondine- levymerkeille. Vuonna 2014 Ondinen julkaisema Scarlatti-levy sai Yleisradion vuoden levy-palkinnon. H\u00e4nen \u00e4\u00e4nitteit\u00e4\u00e4n on k\u00e4ytetty laajalti my\u00f6s useissa elokuvissa kuten viimeksi Yorgos Lanthimoksen The Killing of a Sacred Deer elokuvassa vuonna 2017.<\/p>\n","protected":false},"excerpt":{"rendered":"<p>Janne R\u00e4tty\u00e4 opiskeli harmonikansoittoa Sibelius Akatemian nuorisokoulutuksessa vuodesta 1986 l\u00e4htien ensin Heidi Velamon ja my\u00f6hemmin Matti Rantasen johdolla. H\u00e4n jatkoi vuodesta 1994 alkaen opintojaan solistisella osastolla Matti Rantasen johdolla suorittaen\u2026 <span class=\"read-btn\"><a class=\"read-more\" href=\"http:\/\/janne-rattya.net\/site\/fi\/\">Read More &rarr;<\/a><\/span><\/p>\n","protected":false},"author":1,"featured_media":0,"parent":0,"menu_order":0,"comment_status":"open","ping_status":"open","template":"","meta":{"footnotes":""},"_links":{"self":[{"href":"http:\/\/janne-rattya.net\/site\/fi\/wp-json\/wp\/v2\/pages\/2"}],"collection":[{"href":"http:\/\/janne-rattya.net\/site\/fi\/wp-json\/wp\/v2\/pages"}],"about":[{"href":"http:\/\/janne-rattya.net\/site\/fi\/wp-json\/wp\/v2\/types\/page"}],"author":[{"embeddable":true,"href":"http:\/\/janne-rattya.net\/site\/fi\/wp-json\/wp\/v2\/users\/1"}],"replies":[{"embeddable":true,"href":"http:\/\/janne-rattya.net\/site\/fi\/wp-json\/wp\/v2\/comments?post=2"}],"version-history":[{"count":25,"href":"http:\/\/janne-rattya.net\/site\/fi\/wp-json\/wp\/v2\/pages\/2\/revisions"}],"predecessor-version":[{"id":509,"href":"http:\/\/janne-rattya.net\/site\/fi\/wp-json\/wp\/v2\/pages\/2\/revisions\/509"}],"wp:attachment":[{"href":"http:\/\/janne-rattya.net\/site\/fi\/wp-json\/wp\/v2\/media?parent=2"}],"curies":[{"name":"wp","href":"https:\/\/api.w.org\/{rel}","templated":true}]}}