{"id":29,"date":"2014-02-05T09:46:37","date_gmt":"2014-02-05T09:46:37","guid":{"rendered":"http:\/\/janne-rattya.net\/wordpress\/?page_id=29"},"modified":"2024-12-15T11:37:25","modified_gmt":"2024-12-15T11:37:25","slug":"teaching","status":"publish","type":"page","link":"http:\/\/janne-rattya.net\/site\/de\/teaching\/","title":{"rendered":"unterricht"},"content":{"rendered":"<p>Janne R\u00e4tty\u00e4 ist Professor f\u00fcr klassisches Akkordeon an der <strong>Universit\u00e4t f\u00fcr Musik und Darstellende Kunst<\/strong>, Graz, \u00d6sterreich. Au\u00dferdem ist der Dozent an der <strong>Sibelius Akademie<\/strong> der Kunstuniversit\u00e4t in Helsinki, Finnland.<\/p>\n<p>Im Angebot: <strong>P\u00e4dagogik and Solostudium, Doktorat<\/strong>.<\/p>\n<p>Mehr Informationen:<\/p>\n<div class=\"csRow\">\n<div class=\"csColumnGap\" style=\"margin: 0px; padding: 0px; float: left; width: 1.56%;\"><img decoding=\"async\" style=\"border: none;\" src=\"https:\/\/janne-rattya.net\/site\/wp-content\/plugins\/advanced-wp-columns\/assets\/js\/plugins\/views\/img\/1x1-pixel.png\" \/><\/div>\n<div class=\"csColumn\" style=\"margin: 0px; padding: 0px; float: left; width: 31.3%;\" data-csstartpoint=\"15\" data-csendpoint=\"315\" data-cswidth=\"31.3%\" data-csid=\"88ee2406-4668-6b1a-b036-3dcd88343c54\">\n<p><a href=\"https:\/\/relaunch.kug.ac.at\" target=\"blank\" rel=\"noopener noreferrer\"><img loading=\"lazy\" decoding=\"async\" class=\"alignnone wp-image-472 size-thumbnail\" src=\"http:\/\/janne-rattya.net\/site\/wp-content\/uploads\/2019\/10\/kug_klein-150x150.jpg\" alt=\"\" width=\"150\" height=\"150\" \/><\/a><\/p>\n<\/div>\n<div class=\"csColumnGap\" style=\"margin: 0px; padding: 0px; float: left; width: 1.56%;\"><img decoding=\"async\" style=\"border: none;\" src=\"https:\/\/janne-rattya.net\/site\/wp-content\/plugins\/advanced-wp-columns\/assets\/js\/plugins\/views\/img\/1x1-pixel.png\" \/><\/div>\n<div class=\"csColumn\" style=\"margin: 0px; padding: 0px; float: left; width: 31.3%;\" data-csstartpoint=\"330\" data-csendpoint=\"630\" data-cswidth=\"31.3%\" data-csid=\"dde34317-eea4-4c36-9235-ce4eda397d90\">\n<p><a href=\"https:\/\/www.uniarts.fi\/en\/sibelius-academy\" target=\"blank\" rel=\"noopener noreferrer\"><img loading=\"lazy\" decoding=\"async\" class=\"alignnone wp-image-477 size-full\" src=\"http:\/\/janne-rattya.net\/site\/wp-content\/uploads\/2019\/10\/sibelius_academy.jpg\" alt=\"\" width=\"200\" height=\"147\" \/><\/a><\/p>\n<\/div>\n<div class=\"csColumnGap\" style=\"margin: 0px; padding: 0px; float: left; width: 1.56%;\"><img decoding=\"async\" style=\"border: none;\" src=\"https:\/\/janne-rattya.net\/site\/wp-content\/plugins\/advanced-wp-columns\/assets\/js\/plugins\/views\/img\/1x1-pixel.png\" \/><\/div>\n<div class=\"csColumnGap\" style=\"margin: 0px; padding: 0px; float: left; width: 1.56%;\"><img decoding=\"async\" style=\"border: none;\" src=\"https:\/\/janne-rattya.net\/site\/wp-content\/plugins\/advanced-wp-columns\/assets\/js\/plugins\/views\/img\/1x1-pixel.png\" \/><\/div>\n<div style=\"clear: both; float: none; display: block; visibility: hidden; width: 0px; font-size: 0px; line-height: 0;\"><\/div>\n<\/div>\n<p>&nbsp;<\/p>\n<hr \/>\n<p><b>CSMA Zaragoza, 24th and 25th of May 2014<\/b><\/p>\n<p><a href=\"http:\/\/janne-rattya.net\/site\/wp-content\/uploads\/2014\/02\/csmazaragoza.jpg\" data-rel=\"lightbox-image-0\" data-rl_title=\"\" data-rl_caption=\"\" title=\"\"><img loading=\"lazy\" decoding=\"async\" width=\"300\" height=\"154\" class=\"alignnone wp-image-150\" src=\"http:\/\/janne-rattya.net\/site\/wp-content\/uploads\/2014\/02\/csmazaragoza-300x154.jpg\" alt=\"csmazaragoza\" srcset=\"http:\/\/janne-rattya.net\/site\/wp-content\/uploads\/2014\/02\/csmazaragoza-300x154.jpg 300w, http:\/\/janne-rattya.net\/site\/wp-content\/uploads\/2014\/02\/csmazaragoza-600x308.jpg 600w, http:\/\/janne-rattya.net\/site\/wp-content\/uploads\/2014\/02\/csmazaragoza.jpg 700w\" sizes=\"(max-width: 300px) 100vw, 300px\" \/><\/a><\/p>\n<p>&nbsp;<\/p>\n","protected":false},"excerpt":{"rendered":"<p>Janne R\u00e4tty\u00e4 ist Professor f\u00fcr klassisches Akkordeon an der Universit\u00e4t f\u00fcr Musik und Darstellende Kunst, Graz, \u00d6sterreich. Au\u00dferdem ist der Dozent an der Sibelius Akademie der Kunstuniversit\u00e4t in Helsinki, Finnland.\u2026 <span class=\"read-btn\"><a class=\"read-more\" href=\"http:\/\/janne-rattya.net\/site\/de\/teaching\/\">Read More &rarr;<\/a><\/span><\/p>\n","protected":false},"author":1,"featured_media":0,"parent":0,"menu_order":0,"comment_status":"open","ping_status":"open","template":"","meta":{"footnotes":""},"_links":{"self":[{"href":"http:\/\/janne-rattya.net\/site\/de\/wp-json\/wp\/v2\/pages\/29"}],"collection":[{"href":"http:\/\/janne-rattya.net\/site\/de\/wp-json\/wp\/v2\/pages"}],"about":[{"href":"http:\/\/janne-rattya.net\/site\/de\/wp-json\/wp\/v2\/types\/page"}],"author":[{"embeddable":true,"href":"http:\/\/janne-rattya.net\/site\/de\/wp-json\/wp\/v2\/users\/1"}],"replies":[{"embeddable":true,"href":"http:\/\/janne-rattya.net\/site\/de\/wp-json\/wp\/v2\/comments?post=29"}],"version-history":[{"count":71,"href":"http:\/\/janne-rattya.net\/site\/de\/wp-json\/wp\/v2\/pages\/29\/revisions"}],"predecessor-version":[{"id":536,"href":"http:\/\/janne-rattya.net\/site\/de\/wp-json\/wp\/v2\/pages\/29\/revisions\/536"}],"wp:attachment":[{"href":"http:\/\/janne-rattya.net\/site\/de\/wp-json\/wp\/v2\/media?parent=29"}],"curies":[{"name":"wp","href":"https:\/\/api.w.org\/{rel}","templated":true}]}}